{"id":137,"date":"2020-03-10T13:27:02","date_gmt":"2020-03-10T13:27:02","guid":{"rendered":"http:\/\/mvek.de\/?page_id=137"},"modified":"2020-03-10T19:36:31","modified_gmt":"2020-03-10T19:36:31","slug":"dirigent","status":"publish","type":"page","link":"https:\/\/mvek.de\/?page_id=137","title":{"rendered":"Dirigent"},"content":{"rendered":"<p><img loading=\"lazy\" decoding=\"async\" class=\"size-medium wp-image-138 alignleft\" src=\"http:\/\/mvek.de\/wp-content\/uploads\/2020\/03\/1006-MRS-IRINA-VIVIANE-ZIMMERMANN-1-199x300.jpg\" alt=\"\" width=\"199\" height=\"300\" srcset=\"https:\/\/mvek.de\/wp-content\/uploads\/2020\/03\/1006-MRS-IRINA-VIVIANE-ZIMMERMANN-1-199x300.jpg 199w, https:\/\/mvek.de\/wp-content\/uploads\/2020\/03\/1006-MRS-IRINA-VIVIANE-ZIMMERMANN-1-768x1155.jpg 768w, https:\/\/mvek.de\/wp-content\/uploads\/2020\/03\/1006-MRS-IRINA-VIVIANE-ZIMMERMANN-1-681x1024.jpg 681w\" sizes=\"auto, (max-width: 199px) 100vw, 199px\" \/><\/p>\n<p>Udo Schmitz studierte Horn an der Hochschule f\u00fcr Musik Basel bei Prof. Christian Lampert, Prof. Xiao-Ming Han und Horst Ziegler. Der Besuch von (Meister-) Kursen bei Dale Clavenger (Chicago), Prof. Erich Penzel (K\u00f6ln), Prof. Wolfgang Gaag (M\u00fcnchen) und Prof. Thomas Hauschild (Leipzig) erg\u00e4nzten seine musikalische Instrumentalausbildung. Danach folgte ein Kulturmanagementstudium an der ISW Business School Freiburg. Zurzeit absolviert er das vierj\u00e4hrige, berufsbegleitende Studium <em>Metafoor<\/em> (Blasorchesterleitung) bei Alex Schillings und Rob Goorhuis an der BDB-Akademie, welches er Anfang 2019 abschlie\u00dfen wird.<\/p>\n<p>Die Interessen von Udo Schmitz reichen von der Klassik bis hin zur zeitgen\u00f6ssischen Musik. Werke dieser Epochen erarbeitete er sowohl in Blechbl\u00e4ser- und Holzbl\u00e4serensembles sowie in Kammer- und Sinfonieorchestern. Dazu geh\u00f6ren u.a. die Junge Deutsche Philharmonie, die Deutsche Kammerphilharmonie Bremen, das Oldenburgische Staatstheater, das G\u00f6ttinger Sinfonieorchester, das Philharmonische Orchester Freiburg, das Kammerorchester Basel und die Basel Sinfonietta. Diese wurden von Dirigenten wie Lothar Zagrosek, Jonathan Nott, Peter E\u00f6tv\u00f6s, Markus Stenz, Paolo Carignani, Alexander Liebriech, Mario Venzago, Fabrice Bollon und Heinrich Schiff dirigiert.<\/p>\n<p>Mit diesen Orchestern spielte er auch mehrere CD-\/Fernseh- und Rundfunkaufnahmen ein und nahm an Konzertreisen durch Nord- und S\u00fcd-Korea, S\u00fcdamerika, Frankreich, England, Spanien, die Schweiz, Aserbaidschan und Deutschland teil.<\/p>\n<p>Udo Schmitz ist als Musiklehrer an der Musikschule Markgr\u00e4flerland t\u00e4tig. Daneben wirkt er als Juror f\u00fcr die Abnahme der Bronzenen- und Silbernen Leistungsabzeichen im Oberbadischen Blasmusikverband und ist ein gern gesehener Dozent bei Musikvereinen f\u00fcr Register- und Hornsatzproben. Er dirigiert den <em>Fanfarenzug Schwarzenberger Herolde<\/em> und den <em>Musikverein Bleichheim<\/em>. Udo Schmitz ist ebenfalls Dozent am <em>Hornwochenende Todtmoos<\/em> und seit 2002 Mitglied der <em>Basel Sinfonietta<\/em>.<\/p>\n","protected":false},"excerpt":{"rendered":"<p>Udo Schmitz studierte Horn an der Hochschule f\u00fcr Musik Basel bei Prof. Christian Lampert, Prof. Xiao-Ming Han und Horst Ziegler. Der Besuch von (Meister-) Kursen bei Dale Clavenger (Chicago), Prof. Erich Penzel (K\u00f6ln), Prof. Wolfgang Gaag (M\u00fcnchen) und Prof. Thomas<\/p>\n","protected":false},"author":1,"featured_media":0,"parent":95,"menu_order":0,"comment_status":"closed","ping_status":"closed","template":"","meta":{"footnotes":""},"class_list":["post-137","page","type-page","status-publish","hentry"],"aioseo_notices":[],"_links":{"self":[{"href":"https:\/\/mvek.de\/index.php?rest_route=\/wp\/v2\/pages\/137","targetHints":{"allow":["GET"]}}],"collection":[{"href":"https:\/\/mvek.de\/index.php?rest_route=\/wp\/v2\/pages"}],"about":[{"href":"https:\/\/mvek.de\/index.php?rest_route=\/wp\/v2\/types\/page"}],"author":[{"embeddable":true,"href":"https:\/\/mvek.de\/index.php?rest_route=\/wp\/v2\/users\/1"}],"replies":[{"embeddable":true,"href":"https:\/\/mvek.de\/index.php?rest_route=%2Fwp%2Fv2%2Fcomments&post=137"}],"version-history":[{"count":1,"href":"https:\/\/mvek.de\/index.php?rest_route=\/wp\/v2\/pages\/137\/revisions"}],"predecessor-version":[{"id":139,"href":"https:\/\/mvek.de\/index.php?rest_route=\/wp\/v2\/pages\/137\/revisions\/139"}],"up":[{"embeddable":true,"href":"https:\/\/mvek.de\/index.php?rest_route=\/wp\/v2\/pages\/95"}],"wp:attachment":[{"href":"https:\/\/mvek.de\/index.php?rest_route=%2Fwp%2Fv2%2Fmedia&parent=137"}],"curies":[{"name":"wp","href":"https:\/\/api.w.org\/{rel}","templated":true}]}}