{"id":142,"date":"2020-03-10T13:33:08","date_gmt":"2020-03-10T13:33:08","guid":{"rendered":"http:\/\/mvek.de\/?page_id=142"},"modified":"2024-01-10T12:58:57","modified_gmt":"2024-01-10T12:58:57","slug":"termine-2","status":"publish","type":"page","link":"https:\/\/mvek.de\/?page_id=142","title":{"rendered":"Jugendorchester"},"content":{"rendered":"<p>Im Dezember 2022 haben sich die Musikvereine Tannenkirch und Efringen-Kirchen beschlossen, ihren k\u00fcnftigen Weg gemeinsam zu gehen. Beide hatten bis dahin ein kleines Jugendorchester, da bei beiden einzelne Register sp\u00e4rlich oder gar nicht besetzt waren, bot es sich an eine Kooperation aus beiden Orchestern zu machen. Das Jugendorchester umfasst nun 29 Jungmusiker zwischen 10 und 20 Jahren. Die Probe findet aktuell immer am Dienstag von 18.00 \u2013 19.00 Uhr in unserem Vereinsheim W\u00e4schi statt.<\/p>\n<p>Das gemeinsame Zusammenspiel soll die im Instrumentalunterricht erlernten Kenntnisse und Fertigkeiten festigen und f\u00f6rdern. Im Orchesterspiel wird die F\u00e4higkeit des Zusammenspiels erlernt und gef\u00f6rdert und stellt so die ideale Vorstufe zum Aktivorchester dar. Um die Verbindung zum Aktivorchester zu st\u00e4rken und den sp\u00e4teren \u00dcbergang in das selbige zu erleichtern, proben wir einmal im Monat zusammen.<\/p>\n<p><a title=\"Termine Jugendorchester\" href=\"http:\/\/mvek.de\/?page_id=512\">Termine <\/a><\/p>\n<p><a title=\"Geschichte Jugendorchester\" href=\"http:\/\/mvek.de\/?page_id=514\">Geschichte<\/a><\/p>\n","protected":false},"excerpt":{"rendered":"<p>Im Dezember 2022 haben sich die Musikvereine Tannenkirch und Efringen-Kirchen beschlossen, ihren k\u00fcnftigen Weg gemeinsam zu gehen. Beide hatten bis dahin ein kleines Jugendorchester, da bei beiden einzelne Register sp\u00e4rlich oder gar nicht besetzt waren, bot es sich an eine<\/p>\n","protected":false},"author":1,"featured_media":0,"parent":0,"menu_order":0,"comment_status":"closed","ping_status":"closed","template":"","meta":{"footnotes":""},"class_list":["post-142","page","type-page","status-publish","hentry"],"aioseo_notices":[],"_links":{"self":[{"href":"https:\/\/mvek.de\/index.php?rest_route=\/wp\/v2\/pages\/142","targetHints":{"allow":["GET"]}}],"collection":[{"href":"https:\/\/mvek.de\/index.php?rest_route=\/wp\/v2\/pages"}],"about":[{"href":"https:\/\/mvek.de\/index.php?rest_route=\/wp\/v2\/types\/page"}],"author":[{"embeddable":true,"href":"https:\/\/mvek.de\/index.php?rest_route=\/wp\/v2\/users\/1"}],"replies":[{"embeddable":true,"href":"https:\/\/mvek.de\/index.php?rest_route=%2Fwp%2Fv2%2Fcomments&post=142"}],"version-history":[{"count":8,"href":"https:\/\/mvek.de\/index.php?rest_route=\/wp\/v2\/pages\/142\/revisions"}],"predecessor-version":[{"id":951,"href":"https:\/\/mvek.de\/index.php?rest_route=\/wp\/v2\/pages\/142\/revisions\/951"}],"wp:attachment":[{"href":"https:\/\/mvek.de\/index.php?rest_route=%2Fwp%2Fv2%2Fmedia&parent=142"}],"curies":[{"name":"wp","href":"https:\/\/api.w.org\/{rel}","templated":true}]}}