{"id":146,"date":"2020-03-10T13:47:49","date_gmt":"2020-03-10T13:47:49","guid":{"rendered":"http:\/\/mvek.de\/?page_id=146"},"modified":"2020-11-07T09:15:51","modified_gmt":"2020-11-07T09:15:51","slug":"jugendrichtlinien","status":"publish","type":"page","link":"https:\/\/mvek.de\/?page_id=146","title":{"rendered":"Ausbildung"},"content":{"rendered":"<p>Ihr Kind m\u00f6chte ein Instrument lernen? Gerne unterst\u00fctzen wir hierbei und w\u00fcrden uns sehr freuen, wenn wir die musikalische Ausbildung begleiten k\u00f6nnen.<\/p>\n<p>Folgende Ausbildungsangebote bieten wir an:<\/p>\n<p><a title=\"Musikzwerge\" href=\"http:\/\/mvek.de\/?page_id=532\">Musikzwerge<\/a><\/p>\n<p><a title=\"Fl\u00f6tenkids\" href=\"http:\/\/mvek.de\/?page_id=534\">Fl\u00f6tenkids<\/a><\/p>\n<p><a title=\"Instrumentalunterricht\" href=\"http:\/\/mvek.de\/?page_id=536\">Instrumentalunterricht<\/a><\/p>\n","protected":false},"excerpt":{"rendered":"<p>Ihr Kind m\u00f6chte ein Instrument lernen? Gerne unterst\u00fctzen wir hierbei und w\u00fcrden uns sehr freuen, wenn wir die musikalische Ausbildung begleiten k\u00f6nnen. Folgende Ausbildungsangebote bieten wir an: Musikzwerge Fl\u00f6tenkids Instrumentalunterricht<\/p>\n","protected":false},"author":1,"featured_media":0,"parent":0,"menu_order":0,"comment_status":"closed","ping_status":"closed","template":"","meta":{"footnotes":""},"class_list":["post-146","page","type-page","status-publish","hentry"],"aioseo_notices":[],"_links":{"self":[{"href":"https:\/\/mvek.de\/index.php?rest_route=\/wp\/v2\/pages\/146","targetHints":{"allow":["GET"]}}],"collection":[{"href":"https:\/\/mvek.de\/index.php?rest_route=\/wp\/v2\/pages"}],"about":[{"href":"https:\/\/mvek.de\/index.php?rest_route=\/wp\/v2\/types\/page"}],"author":[{"embeddable":true,"href":"https:\/\/mvek.de\/index.php?rest_route=\/wp\/v2\/users\/1"}],"replies":[{"embeddable":true,"href":"https:\/\/mvek.de\/index.php?rest_route=%2Fwp%2Fv2%2Fcomments&post=146"}],"version-history":[{"count":8,"href":"https:\/\/mvek.de\/index.php?rest_route=\/wp\/v2\/pages\/146\/revisions"}],"predecessor-version":[{"id":453,"href":"https:\/\/mvek.de\/index.php?rest_route=\/wp\/v2\/pages\/146\/revisions\/453"}],"wp:attachment":[{"href":"https:\/\/mvek.de\/index.php?rest_route=%2Fwp%2Fv2%2Fmedia&parent=146"}],"curies":[{"name":"wp","href":"https:\/\/api.w.org\/{rel}","templated":true}]}}