{"id":532,"date":"2020-11-07T09:04:22","date_gmt":"2020-11-07T09:04:22","guid":{"rendered":"http:\/\/mvek.de\/?page_id=532"},"modified":"2025-09-16T19:19:00","modified_gmt":"2025-09-16T19:19:00","slug":"musikzwerge","status":"publish","type":"page","link":"https:\/\/mvek.de\/?page_id=532","title":{"rendered":"Musikzwerge"},"content":{"rendered":"<p>Ab Juli 2021 beginnt beim Musikverein Efringen-Kirchen mit den Musikzwergen ein neues Ausbildungsangebot.<\/p>\n<p>Aus der Erkenntnis heraus, dass die musikalischen Anlagen von Kindern nicht fr\u00fch genug entwickelt und gef\u00f6rdert werden k\u00f6nnen und gerade j\u00fcngere Kinder ein nat\u00fcrliches Verh\u00e4ltnis zur Musik haben, hat der Musikverein Efringen-Kirchen e.V. ein Programm f\u00fcr Kinder im Alter von 4 bis 6 Jahren entwickelt. Auf spielerische Weise wollen wir die Kinder durch Basteln, Malen, Singen, Bewegen und Klatschen an die Musik und ihre Bestandteile, wie z. B. Rhythmik heranf\u00fchren. Erste Grundkenntnisse in der Musiklehre sowie das Kennenlernen verschiedener Instrumente geh\u00f6ren ebenfalls dazu.<\/p>\n<p>Wir m\u00f6chten mit der musikalischen Fr\u00fcherziehung den Grundstein f\u00fcr ein Leben mit Musik legen.<\/p>\n<p>Die beiden Kursleiterinnen Anna Ruf und Simone Fischer sind beides Musikerinnen sowie ausgebildete Erzieherinnen und bringen somit die idealen musikalischen und p\u00e4dagogischen Kenntnisse mit.<\/p>\n<p>Der Kurs findet in einer Gruppe mit 20 Kindern in unserem Probelokal W\u00e4schi, in der Gutenau 45 in Efringen-Kirchen statt. Die Eltern sind w\u00e4hrend der Stunde nicht dabei.<\/p>\n<p>Kurstag: Dienstag<\/p>\n<p>Kurszeit: 16:00- 17:00 Uhr<\/p>\n<p>Kosten: 25 \u20ac pro Monat<br \/>\nSind die Eltern keine Aktiv- oder Passivmitglieder im Verein, erheben wir eine zus\u00e4tzliche monatliche Geb\u00fchr von 5,00 \u20ac.<\/p>\n<p>Wenn wir Ihr Interesse geweckt haben und Sie mehr zu den Musikzwergen erfahren m\u00f6chten, nehmen Sie Kontakt zu unserer Jugendleiterin Simone Bodack auf. Entweder per Email an\u00a0 <a href=\"mailto:jugendleiter@mvek.de\">jugendleiter@mvek.de<\/a> oder telefonisch unter 07628\/3315684.<\/p>\n<p><a title=\"Formulare\" href=\"http:\/\/mvek.de\/?page_id=558\">\u00a0Anmeldungsformulare<\/a><\/p>\n<p><img loading=\"lazy\" decoding=\"async\" class=\"alignnone  wp-image-715\" src=\"http:\/\/mvek.de\/wp-content\/uploads\/2021\/10\/Musikzwerge-156x300.jpg\" alt=\"\" width=\"310\" height=\"597\" srcset=\"https:\/\/mvek.de\/wp-content\/uploads\/2021\/10\/Musikzwerge-156x300.jpg 156w, https:\/\/mvek.de\/wp-content\/uploads\/2021\/10\/Musikzwerge.jpg 457w\" sizes=\"auto, (max-width: 310px) 100vw, 310px\" \/><\/p>\n","protected":false},"excerpt":{"rendered":"<p>Ab Juli 2021 beginnt beim Musikverein Efringen-Kirchen mit den Musikzwergen ein neues Ausbildungsangebot. Aus der Erkenntnis heraus, dass die musikalischen Anlagen von Kindern nicht fr\u00fch genug entwickelt und gef\u00f6rdert werden k\u00f6nnen und gerade j\u00fcngere Kinder ein nat\u00fcrliches Verh\u00e4ltnis zur Musik<\/p>\n","protected":false},"author":1,"featured_media":0,"parent":146,"menu_order":0,"comment_status":"closed","ping_status":"closed","template":"","meta":{"footnotes":""},"class_list":["post-532","page","type-page","status-publish","hentry"],"aioseo_notices":[],"_links":{"self":[{"href":"https:\/\/mvek.de\/index.php?rest_route=\/wp\/v2\/pages\/532","targetHints":{"allow":["GET"]}}],"collection":[{"href":"https:\/\/mvek.de\/index.php?rest_route=\/wp\/v2\/pages"}],"about":[{"href":"https:\/\/mvek.de\/index.php?rest_route=\/wp\/v2\/types\/page"}],"author":[{"embeddable":true,"href":"https:\/\/mvek.de\/index.php?rest_route=\/wp\/v2\/users\/1"}],"replies":[{"embeddable":true,"href":"https:\/\/mvek.de\/index.php?rest_route=%2Fwp%2Fv2%2Fcomments&post=532"}],"version-history":[{"count":11,"href":"https:\/\/mvek.de\/index.php?rest_route=\/wp\/v2\/pages\/532\/revisions"}],"predecessor-version":[{"id":1121,"href":"https:\/\/mvek.de\/index.php?rest_route=\/wp\/v2\/pages\/532\/revisions\/1121"}],"up":[{"embeddable":true,"href":"https:\/\/mvek.de\/index.php?rest_route=\/wp\/v2\/pages\/146"}],"wp:attachment":[{"href":"https:\/\/mvek.de\/index.php?rest_route=%2Fwp%2Fv2%2Fmedia&parent=532"}],"curies":[{"name":"wp","href":"https:\/\/api.w.org\/{rel}","templated":true}]}}