{"id":534,"date":"2020-11-07T09:06:17","date_gmt":"2020-11-07T09:06:17","guid":{"rendered":"http:\/\/mvek.de\/?page_id=534"},"modified":"2022-06-20T07:55:59","modified_gmt":"2022-06-20T07:55:59","slug":"flotenkids","status":"publish","type":"page","link":"https:\/\/mvek.de\/?page_id=534","title":{"rendered":"Fl\u00f6tenkids"},"content":{"rendered":"<p>Im Anschluss an die Musikzwerge kann die musikalische Laufbahn bei den Fl\u00f6tenkids weiter fortgesetzt werden. Dort werden die ersten Grundkenntnisse der Musiklehre vertieft.<\/p>\n<p>Die Fl\u00f6tenkids werden von Brita Sperling geleitet, die selbst Musikerin ist und schon viele Jahre mit Kindern im p\u00e4dagogischen und musikalischen Bereich arbeitet.<\/p>\n<p>Sie bringt den Kindern auf spielerische und kreative Weise das Blockfl\u00f6tenspiel bei und legt so den Grundstein f\u00fcr das Erlenen eines weiterf\u00fchrenden Instruments. Der Kurs findet in kleinen Gruppen mit jeweils 2 \u2013 4 Kindern in unserem Probelokal W\u00e4schi, in der Gutenau 45 in Efringen-Kirchen statt.<\/p>\n<p>Nat\u00fcrlich k\u00f6nnen sich Kinder auch ohne den vorherigen Besuch der Musikzwerge anmelden.<\/p>\n<p>Das Angebot richtet sich an Kinder ab 6 Jahren.<\/p>\n<p>Kurstag: Donnerstagnachmittag<\/p>\n<p>Kurszeit: jeweils 45 Minuten; die genauen Uhrzeiten besprechen Sie direkt mir Brita Sperling.<\/p>\n<p>Kosten: 35 \u20ac pro Monat<br \/>\nSind die Eltern keine Aktiv- oder Passivmitglieder im Verein, erheben wir eine zus\u00e4tzliche monatliche Geb\u00fchr von 5,00 \u20ac.<\/p>\n<p>Wenn wir Ihr Interesse geweckt haben und Sie mehr zu den Fl\u00f6tenkids erfahren m\u00f6chten, nehmen Sie Kontakt zu Brita Sperling auf. Entweder per Email an brita.sperling@web.de oder telefonisch unter 07628\/940837.<\/p>\n<p><a title=\"Formulare\" href=\"http:\/\/mvek.de\/?page_id=558\">\u00a0Anmeldungsformulare<\/a><\/p>\n","protected":false},"excerpt":{"rendered":"<p>Im Anschluss an die Musikzwerge kann die musikalische Laufbahn bei den Fl\u00f6tenkids weiter fortgesetzt werden. Dort werden die ersten Grundkenntnisse der Musiklehre vertieft. Die Fl\u00f6tenkids werden von Brita Sperling geleitet, die selbst Musikerin ist und schon viele Jahre mit Kindern<\/p>\n","protected":false},"author":1,"featured_media":0,"parent":146,"menu_order":0,"comment_status":"closed","ping_status":"closed","template":"","meta":{"footnotes":""},"class_list":["post-534","page","type-page","status-publish","hentry"],"aioseo_notices":[],"_links":{"self":[{"href":"https:\/\/mvek.de\/index.php?rest_route=\/wp\/v2\/pages\/534","targetHints":{"allow":["GET"]}}],"collection":[{"href":"https:\/\/mvek.de\/index.php?rest_route=\/wp\/v2\/pages"}],"about":[{"href":"https:\/\/mvek.de\/index.php?rest_route=\/wp\/v2\/types\/page"}],"author":[{"embeddable":true,"href":"https:\/\/mvek.de\/index.php?rest_route=\/wp\/v2\/users\/1"}],"replies":[{"embeddable":true,"href":"https:\/\/mvek.de\/index.php?rest_route=%2Fwp%2Fv2%2Fcomments&post=534"}],"version-history":[{"count":4,"href":"https:\/\/mvek.de\/index.php?rest_route=\/wp\/v2\/pages\/534\/revisions"}],"predecessor-version":[{"id":825,"href":"https:\/\/mvek.de\/index.php?rest_route=\/wp\/v2\/pages\/534\/revisions\/825"}],"up":[{"embeddable":true,"href":"https:\/\/mvek.de\/index.php?rest_route=\/wp\/v2\/pages\/146"}],"wp:attachment":[{"href":"https:\/\/mvek.de\/index.php?rest_route=%2Fwp%2Fv2%2Fmedia&parent=534"}],"curies":[{"name":"wp","href":"https:\/\/api.w.org\/{rel}","templated":true}]}}