{"id":536,"date":"2020-11-07T09:08:57","date_gmt":"2020-11-07T09:08:57","guid":{"rendered":"http:\/\/mvek.de\/?page_id=536"},"modified":"2022-06-20T07:55:36","modified_gmt":"2022-06-20T07:55:36","slug":"instrumentalunterricht","status":"publish","type":"page","link":"https:\/\/mvek.de\/?page_id=536","title":{"rendered":"Instrumentalunterricht"},"content":{"rendered":"<p>Im Anschluss an die Musikzwerge und die Fl\u00f6tenkids beginnt die individuelle Ausbildung an einem Blas- oder Schlaginstrument. Dies ist ab einem Alter von etwa 8 Jahren m\u00f6glich.<\/p>\n<p>Folgende Instrumente k\u00f6nnen bei uns erlernt werden:<\/p>\n<p>Holzblasinstrumente:<\/p>\n<p>Oboe<\/p>\n<p>Fagott<\/p>\n<p>Querfl\u00f6te<\/p>\n<p>Klarinette<\/p>\n<p>Saxophon<\/p>\n<p>Blechblasinstrumente:<\/p>\n<p>Trompete<\/p>\n<p>Waldhorn<\/p>\n<p>Tenorhorn \/ Bariton<\/p>\n<p>Posaune<\/p>\n<p>Tuba<\/p>\n<p>Schlagzeug und die dazugeh\u00f6rigen Schlagwerkinstrumente.<\/p>\n<p>Wenn wir Ihr Interesse geweckt haben und Sie mehr zum Instrumentalunterricht erfahren m\u00f6chten, nehmen Sie Kontakt zu unserer Jugendleiterin Simone Bodack auf. Entweder per Email an\u00a0 <a href=\"mailto:jugendleiter@mvek.de\">jugendleiter@mvek.de<\/a> oder telefonisch unter 07628\/3315684.<\/p>\n<p><a title=\"Formulare\" href=\"http:\/\/mvek.de\/?page_id=558\">Informationen zur Jugendausbildung<\/a><\/p>\n","protected":false},"excerpt":{"rendered":"<p>Im Anschluss an die Musikzwerge und die Fl\u00f6tenkids beginnt die individuelle Ausbildung an einem Blas- oder Schlaginstrument. Dies ist ab einem Alter von etwa 8 Jahren m\u00f6glich. Folgende Instrumente k\u00f6nnen bei uns erlernt werden: Holzblasinstrumente: Oboe Fagott Querfl\u00f6te Klarinette Saxophon<\/p>\n","protected":false},"author":1,"featured_media":0,"parent":146,"menu_order":0,"comment_status":"closed","ping_status":"closed","template":"","meta":{"footnotes":""},"class_list":["post-536","page","type-page","status-publish","hentry"],"aioseo_notices":[],"_links":{"self":[{"href":"https:\/\/mvek.de\/index.php?rest_route=\/wp\/v2\/pages\/536","targetHints":{"allow":["GET"]}}],"collection":[{"href":"https:\/\/mvek.de\/index.php?rest_route=\/wp\/v2\/pages"}],"about":[{"href":"https:\/\/mvek.de\/index.php?rest_route=\/wp\/v2\/types\/page"}],"author":[{"embeddable":true,"href":"https:\/\/mvek.de\/index.php?rest_route=\/wp\/v2\/users\/1"}],"replies":[{"embeddable":true,"href":"https:\/\/mvek.de\/index.php?rest_route=%2Fwp%2Fv2%2Fcomments&post=536"}],"version-history":[{"count":6,"href":"https:\/\/mvek.de\/index.php?rest_route=\/wp\/v2\/pages\/536\/revisions"}],"predecessor-version":[{"id":824,"href":"https:\/\/mvek.de\/index.php?rest_route=\/wp\/v2\/pages\/536\/revisions\/824"}],"up":[{"embeddable":true,"href":"https:\/\/mvek.de\/index.php?rest_route=\/wp\/v2\/pages\/146"}],"wp:attachment":[{"href":"https:\/\/mvek.de\/index.php?rest_route=%2Fwp%2Fv2%2Fmedia&parent=536"}],"curies":[{"name":"wp","href":"https:\/\/api.w.org\/{rel}","templated":true}]}}