{"id":558,"date":"2020-11-07T17:54:18","date_gmt":"2020-11-07T17:54:18","guid":{"rendered":"http:\/\/mvek.de\/?page_id=558"},"modified":"2025-07-01T19:17:28","modified_gmt":"2025-07-01T19:17:28","slug":"formulare","status":"publish","type":"page","link":"https:\/\/mvek.de\/?page_id=558","title":{"rendered":"Formulare"},"content":{"rendered":"<p><strong>Anmeldung Musikzwerge:\u00a0<\/strong><\/p>\n<p><a href=\"http:\/\/mvek.de\/wp-content\/uploads\/2023\/02\/Anmeldung_Musikzwerge_2023.pdf\">Anmeldung Musikzwerge<\/a><\/p>\n<p><a href=\"http:\/\/mvek.de\/wp-content\/uploads\/2025\/01\/Anmeldeformulare_Zoeglinge_2025.pdf\">SEPA Lastschriftmandat<\/a><\/p>\n<p><a href=\"http:\/\/mvek.de\/wp-content\/uploads\/2020\/11\/Datenschutzordnung_MVEK_2018_06_04.pdf\">DSGVO<\/a><\/p>\n<p><a href=\"http:\/\/mvek.de\/wp-content\/uploads\/2020\/11\/Datennutzungerlaubnis-_Aktivmitglied_Z\u00f6glinge.pdf\">Datennutzungserlaubnis Aktivmitglied \/ Z\u00f6gling<\/a><\/p>\n<hr \/>\n<p><strong>Anmeldung Fl\u00f6tenkids:<br \/>\n<\/strong><\/p>\n<p><a href=\"http:\/\/mvek.de\/wp-content\/uploads\/2023\/02\/Anmeldung_Flotenkids_2023.pdf\">Anmeldung Fl\u00f6tenkids<\/a><\/p>\n<p><a href=\"http:\/\/mvek.de\/wp-content\/uploads\/2025\/01\/Anmeldeformulare_Zoeglinge_2025.pdf\">SEPA Lastschriftmandat<\/a><\/p>\n<p><a href=\"http:\/\/mvek.de\/wp-content\/uploads\/2020\/11\/Datenschutzordnung_MVEK_2018_06_04.pdf\">DSGVO<\/a><\/p>\n<p><a href=\"http:\/\/mvek.de\/wp-content\/uploads\/2021\/07\/Einwilligung_Datennutzung_Aktivmusiker_Zoglingen.pdf\">Datennutzungserlaubnis Aktivmitglied \/ Z\u00f6gling<\/a><\/p>\n<hr \/>\n<p><strong>Anmeldung Instrumentalunterricht:<\/strong><\/p>\n<p><a href=\"http:\/\/mvek.de\/wp-content\/uploads\/2025\/01\/Anlagen-JRL_und_Anmeldung_2024_03_31.pdf\">Jugendrichtlinien und Anmeldung<\/a><\/p>\n<p><a href=\"http:\/\/mvek.de\/wp-content\/uploads\/2025\/01\/Anmeldeformulare_Zoeglinge_2025.pdf\">SEPA Lastschriftmandat<\/a><\/p>\n<p><a href=\"http:\/\/mvek.de\/wp-content\/uploads\/2020\/11\/Datenschutzordnung_MVEK_2018_06_04.pdf\">DSGVO<\/a><\/p>\n<p><a href=\"http:\/\/mvek.de\/wp-content\/uploads\/2021\/07\/Einwilligung_Datennutzung_Aktivmusiker_Zoglingen.pdf\">Datennutzungserlaubnis Aktivmitglied \/ Z\u00f6gling<\/a><\/p>\n","protected":false},"excerpt":{"rendered":"<p>Anmeldung Musikzwerge:\u00a0 Anmeldung Musikzwerge SEPA Lastschriftmandat DSGVO Datennutzungserlaubnis Aktivmitglied \/ Z\u00f6gling Anmeldung Fl\u00f6tenkids: Anmeldung Fl\u00f6tenkids SEPA Lastschriftmandat DSGVO Datennutzungserlaubnis Aktivmitglied \/ Z\u00f6gling Anmeldung Instrumentalunterricht: Jugendrichtlinien und Anmeldung SEPA Lastschriftmandat DSGVO Datennutzungserlaubnis Aktivmitglied \/ Z\u00f6gling<\/p>\n","protected":false},"author":1,"featured_media":0,"parent":0,"menu_order":0,"comment_status":"closed","ping_status":"closed","template":"","meta":{"footnotes":""},"class_list":["post-558","page","type-page","status-publish","hentry"],"aioseo_notices":[],"_links":{"self":[{"href":"https:\/\/mvek.de\/index.php?rest_route=\/wp\/v2\/pages\/558","targetHints":{"allow":["GET"]}}],"collection":[{"href":"https:\/\/mvek.de\/index.php?rest_route=\/wp\/v2\/pages"}],"about":[{"href":"https:\/\/mvek.de\/index.php?rest_route=\/wp\/v2\/types\/page"}],"author":[{"embeddable":true,"href":"https:\/\/mvek.de\/index.php?rest_route=\/wp\/v2\/users\/1"}],"replies":[{"embeddable":true,"href":"https:\/\/mvek.de\/index.php?rest_route=%2Fwp%2Fv2%2Fcomments&post=558"}],"version-history":[{"count":26,"href":"https:\/\/mvek.de\/index.php?rest_route=\/wp\/v2\/pages\/558\/revisions"}],"predecessor-version":[{"id":1118,"href":"https:\/\/mvek.de\/index.php?rest_route=\/wp\/v2\/pages\/558\/revisions\/1118"}],"wp:attachment":[{"href":"https:\/\/mvek.de\/index.php?rest_route=%2Fwp%2Fv2%2Fmedia&parent=558"}],"curies":[{"name":"wp","href":"https:\/\/api.w.org\/{rel}","templated":true}]}}