{"id":91,"date":"2020-03-10T10:51:44","date_gmt":"2020-03-10T10:51:44","guid":{"rendered":"http:\/\/mvek.de\/?page_id=91"},"modified":"2026-01-26T15:36:05","modified_gmt":"2026-01-26T15:36:05","slug":"neuigkeiten","status":"publish","type":"page","link":"https:\/\/mvek.de\/?page_id=91","title":{"rendered":"Neuigkeiten"},"content":{"rendered":"<p>Besuchen Sie uns auf <a href=\"https:\/\/www.instagram.com\/musikverein.efringen.kirchen\/?hl=de\">Instagram<\/a> oder <a href=\"https:\/\/www.facebook.com\/MusikvereinEfringenKirchen\/?locale=de_DE\">Facebook<\/a>.<\/p>\n<p><strong>Jahreskonzert 2026<\/strong><\/p>\n<p><a href=\"http:\/\/mvek.de\/?page_id=232\">Programm<\/a><\/p>\n<p><img loading=\"lazy\" decoding=\"async\" class=\"alignnone size-medium wp-image-1133\" src=\"http:\/\/mvek.de\/wp-content\/uploads\/2026\/01\/618c8148-59a1-435c-94e5-9c0b247727c0-225x300.jpg\" alt=\"\" width=\"225\" height=\"300\" srcset=\"https:\/\/mvek.de\/wp-content\/uploads\/2026\/01\/618c8148-59a1-435c-94e5-9c0b247727c0-225x300.jpg 225w, https:\/\/mvek.de\/wp-content\/uploads\/2026\/01\/618c8148-59a1-435c-94e5-9c0b247727c0-768x1024.jpg 768w, https:\/\/mvek.de\/wp-content\/uploads\/2026\/01\/618c8148-59a1-435c-94e5-9c0b247727c0.jpg 1080w\" sizes=\"auto, (max-width: 225px) 100vw, 225px\" \/><\/p>\n<hr \/>\n<p><strong>Generalversammlung 2024<\/strong><\/p>\n<p>Wir freuen uns \u00fcber die Neuaufnahme von Thomas Knorr, Petra Soder, Tanja Soder, Silas Keller und Irina Brkinjac.\u00a0Geehrt wurden Thomas Vollmer und Heike M\u00f6llendorf f\u00fcr 35 Jahre und Christian Zoller f\u00fcr 30 Jahre aktives musizieren.\u00a0<\/p>\n<hr \/>\n<p><strong>Jahreskonzert 2024<\/strong><\/p>\n<p><img loading=\"lazy\" decoding=\"async\" class=\"alignnone  wp-image-968\" src=\"http:\/\/mvek.de\/wp-content\/uploads\/2023\/11\/Jahreskonzert_2024-189x300.jpg\" alt=\"\" width=\"290\" height=\"460\" srcset=\"https:\/\/mvek.de\/wp-content\/uploads\/2023\/11\/Jahreskonzert_2024-189x300.jpg 189w, https:\/\/mvek.de\/wp-content\/uploads\/2023\/11\/Jahreskonzert_2024-645x1024.jpg 645w, https:\/\/mvek.de\/wp-content\/uploads\/2023\/11\/Jahreskonzert_2024-768x1219.jpg 768w, https:\/\/mvek.de\/wp-content\/uploads\/2023\/11\/Jahreskonzert_2024-968x1536.jpg 968w, https:\/\/mvek.de\/wp-content\/uploads\/2023\/11\/Jahreskonzert_2024.jpg 1105w\" sizes=\"auto, (max-width: 290px) 100vw, 290px\" \/><\/p>\n<p>Das Konzertprogramm finden Sie <a href=\"http:\/\/mvek.de\/?page_id=232\">hier<\/a>.<\/p>\n<p>\u00a0<\/p>\n<p><strong>Generalversammlung<\/strong><\/p>\n<p>Sehr geehrte Ehren- und Passivmitglieder,<\/p>\n<p>wir m\u00f6chten Sie bereits heute zu unserer Generalversammlung am Freitag, 01. M\u00e4rz 2024 um 20.00 Uhr in die W\u00e4schi einladen.<\/p>\n<p>Die Versammlung sieht folgende Tagesordnungspunkte vor (kurzfristige \u00c4nderungen vorbehalten):<\/p>\n<p>\u00a0<\/p>\n<ol>\n<li>Begr\u00fc\u00dfung<\/li>\n<li>Totenehrung<\/li>\n<li>T\u00e4tigkeitsbericht des 1. Vorsitzenden<\/li>\n<li>T\u00e4tigkeitsbericht des Schriftf\u00fchrers<\/li>\n<li>Bericht des Dirigenten<\/li>\n<li>Bericht der Jugendleitung<\/li>\n<li>Bericht des Kassierers<\/li>\n<li>Entlastung des Gesamtvorstands<\/li>\n<li>Neuaufnahmen<\/li>\n<li>Satzungs\u00e4nderung<\/li>\n<li>Neuwahlen<\/li>\n<li>Ausblick auf 2024\/2025<\/li>\n<li>Sonstiges, W\u00fcnsche und Antr\u00e4ge<\/li>\n<\/ol>\n<p>W\u00fcnsche und Antr\u00e4ge m\u00fcssen in schriftlicher <br \/>Form beim 1. Vorsitzenden Marc D\u00f6rpfeld, <br \/>Markgrafenstra\u00dfe 7\/1, 79588 Efringen-Kirchen,<br \/>bis sp\u00e4testens 27. Februar 2024 eingehen.<\/p>\n<p>\u00dcber die Termine 2024 werden wir Sie an der Generalversammlung informieren.<\/p>\n<hr \/>\n<p><strong>Gesucht und gefunden!<\/strong><br \/><img loading=\"lazy\" decoding=\"async\" class=\"alignnone size-medium wp-image-955\" src=\"http:\/\/mvek.de\/wp-content\/uploads\/2023\/07\/image2-300x225.jpeg\" alt=\"\" width=\"300\" height=\"225\" srcset=\"https:\/\/mvek.de\/wp-content\/uploads\/2023\/07\/image2-300x225.jpeg 300w, https:\/\/mvek.de\/wp-content\/uploads\/2023\/07\/image2-1024x768.jpeg 1024w, https:\/\/mvek.de\/wp-content\/uploads\/2023\/07\/image2-768x576.jpeg 768w, https:\/\/mvek.de\/wp-content\/uploads\/2023\/07\/image2-1536x1152.jpeg 1536w, https:\/\/mvek.de\/wp-content\/uploads\/2023\/07\/image2.jpeg 2040w\" sizes=\"auto, (max-width: 300px) 100vw, 300px\" \/><br \/>Die Musikvereine Tannenkirch und Efringen-Kirchen haben Ende letzten Jahres beschlossen, ihren Weg k\u00fcnftig gemeinsam zu gehen und die Zukunft des Jugendorchesters miteinander zu gestalten. Jeder Verein hatte bis dahin ein kleines Jugendorchester, welches sich an der Grenze zur Spielf\u00e4higkeit befand, da einzelne Register nicht oder sehr sp\u00e4rlich besetzt waren, was die Motivation und die Freude bei den JungmusikerInnen deutlich sp\u00fcrbar sinken lie\u00df. In Gespr\u00e4chen kristallisierte sich heraus, dass sich die Besetzung beider Vereine perfekt erg\u00e4nzt, beide Vereine auf einer Wellenl\u00e4nge sind, dieselben Ma\u00dfst\u00e4be an ein Jugendorchester setzen und viele \u00fcbereinstimmende Ziele verfolgen. Deshalb haben sich die Vereinsverantwortlichen entschieden, eine Kooperation beider Jugendorchester zu versuchen. <br \/>Nach einer ersten gemeinsamen Probe im Dezember 2022 war der Weg f\u00fcr den Start geebnet und es konnte im Februar 2023 losgehen. Das Jugendorchester umfasst nun 29 Jungmusiker zwischen 10 und 20 Jahren, welche jeden Dienstag, von 18.00 \u2013 19.00 Uhr, in der W\u00e4schi in Efringen-Kirchen unter der Leitung von Udo Schmitz proben.\u00a0<br \/>Zudem wird immer am ersten Dienstag im Monat eine Stunde gemeinsam mit dem Aktivorchester geprobt, was allen Beteiligten viel Freude bereitet. Erfreulicherweise haben sich durch den Zusammenschluss viele Auftrittsm\u00f6glichkeiten ergeben, sodass unsere JungmusikerInnen \u00fcbers Jahr verteilt nun endlich gen\u00fcgend M\u00f6glichkeiten haben, ihr <br \/>K\u00f6nnen unter Beweis zu stellen. Nat\u00fcrlich soll auch die Geselligkeit nicht zu kurz kommen, weshalb gemeinsame au\u00dfermusikalische Aktivit\u00e4ten geplant sind. Die Organisation des neuen<br \/>Jugendorchesters Efringen-Kirchen \/ Tannenkirch \u00fcbernehmen die Jugendleiter beider Vereine <br \/>gemeinsam.<br \/>Wir freuen uns sehr \u00fcber diesen Schritt und w\u00fcnschen dem Jugendorchester viel Erfolg und Freude am <br \/>wohl sch\u00f6nsten Hobby der Welt \u2013 der Musik!<br \/>Herzlichst,<br \/>die MusikerInnen aus Tannenkirch &amp; Efringen-Kirchen<\/p>\n<hr \/>\n<p><strong>Neuigkeiten von der Generalversammlung\u00a0<\/strong><\/p>\n<p><img loading=\"lazy\" decoding=\"async\" class=\"alignnone size-medium wp-image-917\" src=\"http:\/\/mvek.de\/wp-content\/uploads\/2023\/03\/9b18f6fe-14fb-4644-af54-7c4fbc88ed46-300x225.jpg\" alt=\"\" width=\"300\" height=\"225\" srcset=\"https:\/\/mvek.de\/wp-content\/uploads\/2023\/03\/9b18f6fe-14fb-4644-af54-7c4fbc88ed46-300x225.jpg 300w, https:\/\/mvek.de\/wp-content\/uploads\/2023\/03\/9b18f6fe-14fb-4644-af54-7c4fbc88ed46-1024x768.jpg 1024w, https:\/\/mvek.de\/wp-content\/uploads\/2023\/03\/9b18f6fe-14fb-4644-af54-7c4fbc88ed46-768x576.jpg 768w, https:\/\/mvek.de\/wp-content\/uploads\/2023\/03\/9b18f6fe-14fb-4644-af54-7c4fbc88ed46-1536x1152.jpg 1536w, https:\/\/mvek.de\/wp-content\/uploads\/2023\/03\/9b18f6fe-14fb-4644-af54-7c4fbc88ed46.jpg 1600w\" sizes=\"auto, (max-width: 300px) 100vw, 300px\" \/><\/p>\n<p>Wir freuen uns \u00fcber die Neuaufnahme von Carina Wirtz, Anton Rieger, Elena Butz, Isabelle &amp; Elena M\u00f6llendorf, Thomas Wengert (nicht auf dem Bild) und Edgar St\u00fcber (nicht auf dem Bild).<\/p>\n<p>Marcel Kufner wurde f\u00fcr 30- Jahre\u00a0 und Stefanie Bloy f\u00fcr 35- Jahre aktive T\u00e4tigkeit geehrt.<\/p>\n<hr \/>\n<p><strong>Generalversammlung 2023<\/strong><\/p>\n<p>Am Freitag, den <strong>03.03.2023<\/strong> laden der Musikverein Efringen-Kirchen und dessen F\u00f6rderverein um <strong>20.00 Uhr<\/strong> zur Generalversammlung in die W\u00e4schi ein.<\/p>\n<p>Der F\u00f6rderverein des Musikverein Efringen-Kirchen beginnt mit folgender Tagesordnung:<\/p>\n<ol>\n<li>Begr\u00fc\u00dfung<\/li>\n<li>Jahresbericht des Schriftf\u00fchrers<\/li>\n<li>Jahresbericht des Pr\u00e4sidenten<\/li>\n<li>Jahresbericht des Rechners<\/li>\n<li>Bericht der Kassenpr\u00fcfer<\/li>\n<li>Wahl eines Wahlleiters<\/li>\n<li>Entlastung des Vorstands<\/li>\n<li>Neuwahlen<\/li>\n<li>Sonstiges, W\u00fcnsche und Antr\u00e4ge<\/li>\n<\/ol>\n<p>W\u00fcnsche und Antr\u00e4ge m\u00fcssen in schriftlicher Form bei der Pr\u00e4sidentin Lucia Kaufmann, G\u00e4ssle 8, 79588 Efringen-Kirchen, bis sp\u00e4testens 28.02.2023, eingehen.<\/p>\n<p>Der Musikverein Efringen-Kirchen schlie\u00dft sich mit folgender Tagesordnung an:<\/p>\n<ol>\n<li>Begr\u00fc\u00dfung<\/li>\n<li>Totenehrung<\/li>\n<li>T\u00e4tigkeitsbericht des 1. Vorsitzenden<\/li>\n<li>T\u00e4tigkeitsbericht des Schriftf\u00fchrers<\/li>\n<li>Bericht des Dirigenten<\/li>\n<li>Bericht der Jugendleitung<\/li>\n<li>Bericht des Kassierers<\/li>\n<li>Entlastung des Gesamtvorstands<\/li>\n<li>Neuaufnahmen<\/li>\n<li>Neuwahlen<\/li>\n<li>Ausblick auf 2022\/2023<\/li>\n<li>Sonstiges, W\u00fcnsche und Antr\u00e4ge<\/li>\n<\/ol>\n<p>W\u00fcnsche und Antr\u00e4ge m\u00fcssen in schriftlicher Form beim 1. Vorsitzenden Marc D\u00f6rpfeld, Markgrafenstra\u00dfe 7\/1, 79588 Efringen-Kirchen, bis sp\u00e4testens 28.02.2023 eingehen.<\/p>\n<p>\u00a0<\/p>\n<p>Ihr F\u00f6rderverein<\/p>\n<p>&amp; Musikverein Efringen-Kirchen<\/p>\n<h6 style=\"text-align: right;\">Oktober 2022<\/h6>\n<h6>Jahresfeier 2022<\/h6>\n<p><img loading=\"lazy\" decoding=\"async\" class=\"alignnone  wp-image-862\" src=\"http:\/\/mvek.de\/wp-content\/uploads\/2022\/09\/Image-1-189x300.jpg\" alt=\"\" width=\"234\" height=\"371\" srcset=\"https:\/\/mvek.de\/wp-content\/uploads\/2022\/09\/Image-1-189x300.jpg 189w, https:\/\/mvek.de\/wp-content\/uploads\/2022\/09\/Image-1-645x1024.jpg 645w, https:\/\/mvek.de\/wp-content\/uploads\/2022\/09\/Image-1-768x1219.jpg 768w, https:\/\/mvek.de\/wp-content\/uploads\/2022\/09\/Image-1-968x1536.jpg 968w, https:\/\/mvek.de\/wp-content\/uploads\/2022\/09\/Image-1.jpg 1105w\" sizes=\"auto, (max-width: 234px) 100vw, 234px\" \/><\/p>\n<p><a href=\"http:\/\/mvek.de\/?page_id=640\">Weitere Informationen und das Programm zur Jahresfeier<\/a><\/p>\n\n\n<div class=\"wp-block-group\"><div class=\"wp-block-group__inner-container is-layout-flow wp-block-group-is-layout-flow\">\n<hr>\n<h6 style=\"text-align: right;\">April 2022<\/h6>\n<h6>Komm und Spiel mit!<\/h6>\n<p><img loading=\"lazy\" decoding=\"async\" class=\"alignnone \" src=\"http:\/\/mvek.de\/wp-content\/uploads\/2022\/04\/image2.jpeg\" width=\"282\" height=\"399\"><\/p>\n<p><\/p>\n<hr>\n<h6 style=\"text-align: right;\">M\u00e4rz 2022<\/h6>\n<h6>Generalversammlung 2022<\/h6>\n<p>Am Freitag, den <strong>04.03.2022<\/strong> l\u00e4dt der Musikverein Efringen-Kirchen und dessen F\u00f6rderverein um <strong>20.00 Uhr<\/strong> zur Generalversammlung in die W\u00e4schi ein. Aufgrund der aktuellen Pandemielage wird die Versammlung unter Einhaltung der 2G+ Regelung durchgef\u00fchrt. Bitte halten Sie die entsprechenden Nachweise bereit und tragen Sie im Geb\u00e4ude eine FFP2-Maske.<\/p>\n<p>Der F\u00f6rderverein des Musikverein Efringen-Kirchen beginnt mit folgender Tagesordnung:<\/p>\n<ol>\n<li>Begr\u00fc\u00dfung<\/li>\n<li>Jahresbericht des Schriftf\u00fchrers<\/li>\n<li>Jahresbericht des Pr\u00e4sidenten<\/li>\n<li>Jahresbericht des Rechners<\/li>\n<li>Bericht der Kassenpr\u00fcfer<\/li>\n<li>Wahl eines Wahlleiters<\/li>\n<li>Entlastung des Vorstands<\/li>\n<li>Neuwahlen<\/li>\n<li>Sonstiges, W\u00fcnsche und Antr\u00e4ge<\/li>\n<\/ol>\n<p>W\u00fcnsche und Antr\u00e4ge m\u00fcssen in schriftlicher Form beim Pr\u00e4sidenten Marcel Kufner, Gehrenweg 2\/4, 79588 Efringen-Kirchen, bis sp\u00e4testens 01.03.2022, eingehen.<\/p>\n<p>Der Musikverein Efringen-Kirchen schlie\u00dft sich mit folgender Tagesordnung an:<\/p>\n<ol>\n<li>Begr\u00fc\u00dfung<\/li>\n<li>Totenehrung<\/li>\n<li>T\u00e4tigkeitsbericht des Schriftf\u00fchrers<\/li>\n<li>Bericht des Dirigenten<\/li>\n<li>Bericht der Jugendleitung<\/li>\n<li>Bericht des Kassierers<\/li>\n<li>Entlastung des Gesamtvorstands<\/li>\n<li>Neuaufnahmen<\/li>\n<li>Neuwahlen<\/li>\n<li>Ausblick auf 2022\/2023<\/li>\n<li>Sonstiges, W\u00fcnsche und Antr\u00e4ge<\/li>\n<\/ol>\n<p>W\u00fcnsche und Antr\u00e4ge m\u00fcssen in schriftlicher Form beim 1. Vorsitzenden Marc D\u00f6rpfeld, Markgrafenstra\u00dfe 7\/1, 79588 Efringen-Kirchen, bis sp\u00e4testens 01.03.2022 eingehen.<\/p>\n<p>Ihr F\u00f6rderverein<\/p>\n<p>&amp; Musikverein Efringen-Kirchen<\/p>\n<hr>\n<h6 style=\"text-align: right;\">September 2021<\/h6>\n<h6>Herbstkonzert<\/h6>\n<p>Seit ein paar Wochen haben wir wieder die M\u00f6glichkeit zu proben.&nbsp; \u00dcber die Sommermonate konnten wir unser Sommerprogramm proben und freuen uns nun endlich wieder vor Publikum spielen zu k\u00f6nnen. Deshalb m\u00f6chten wir Sie recht herzlich zu unserem Sommerkonzert am 3. Oktober um 14:30 Uhr einladen. Weitere Infos finden Sie <a href=\"http:\/\/mvek.de\/?page_id=465\">hier<\/a>.<\/p>\n<hr>\n<h6 style=\"text-align: right;\">27. August 2021<\/h6>\n<h6>Sommerferienprogramm 2021<\/h6>\n<p>Endlich wieder T\u00f6nejagd&#8230;<\/p>\n<p>Nach einem Jahr Coronapause hat sich der MVEK wieder am Sommerferienprogramm beteiligt. 15 Kinder zwischen 6 und 9 Jahren haben mit Brita Sperling, Doris Krumm-Schwarz, Elena und Isabelle M\u00f6llendorf im Probelokal des Musikvereins Instrumente gebastelt und musiziert. Au\u00dferdem konnten sich die Kinder Instrumente anschauen, welche bei uns im MVEK erlernt werden k\u00f6nnen. Alle hatten viel Spa\u00df!<\/p>\n<hr>\n<h6 style=\"text-align: right;\">Juli 2021<\/h6>\n<h6>Generalversammlung 2021<\/h6>\n<p>Am Sonntag, den <strong>18. Juli 2021<\/strong> l\u00e4dt der Musikverein Efringen-Kirchen und dessen F\u00f6rderverein um <strong>16:30 Uhr<\/strong> zur Generalversammlung ein. Aufgrund der aktuellen Auflagen wird die Versammlung im Freien vor der W\u00e4schi abgehalten. Bei Regen behalten wir uns vor, die Versammlung auf den folgenden Sonntag zu verschieben.<\/p>\n<p>Der F\u00f6rderverein des Musikverein Efringen-Kirchen beginnt mit folgender Tagesordnung:<\/p>\n<ol>\n<li>Begr\u00fc\u00dfung<\/li>\n<li>Jahresbericht des Schriftf\u00fchrers<\/li>\n<li>Jahresbericht des Pr\u00e4sidenten<\/li>\n<li>Jahresbericht des Rechners<\/li>\n<li>Bericht der Kassenpr\u00fcfer<\/li>\n<li>Wahl eines Wahlleiters<\/li>\n<li>Entlastung des Vorstands<\/li>\n<li>Neuwahlen<\/li>\n<li>Sonstiges, W\u00fcnsche und Antr\u00e4ge<\/li>\n<\/ol>\n<p>W\u00fcnsche und Antr\u00e4ge m\u00fcssen in schriftlicher Form beim Pr\u00e4sidenten Marcel Kufner, Gehrenweg 2, 79588 Efringen-Kirchen, bis sp\u00e4testens 15.07.2021, eingehen.<\/p>\n<p>Der Musikverein Efringen-Kirchen schlie\u00dft sich mit folgender Tagesordnung an:<\/p>\n<ol>\n<li>Begr\u00fc\u00dfung<\/li>\n<li>Totenehrung<\/li>\n<li>T\u00e4tigkeitsbericht des Schriftf\u00fchrers<\/li>\n<li>Bericht des Dirigenten<\/li>\n<li>Bericht der Jugendleitung<\/li>\n<li>Bericht des Kassierers<\/li>\n<li>Entlastung des Gesamtvorstands<\/li>\n<li>Neuaufnahmen<\/li>\n<li>Neuwahlen<\/li>\n<li>Ausblick auf 2021\/2022<\/li>\n<li>Sonstiges, W\u00fcnsche und Antr\u00e4ge<\/li>\n<\/ol>\n<p>W\u00fcnsche und Antr\u00e4ge m\u00fcssen in schriftlicher Form bei der 1. Vorsitzenden Julia Oelke, Markgrafenstra\u00dfe 24, 79588 Efringen-Kirchen, bis sp\u00e4testens 15.07.2021 eingehen.<\/p>\n<p>Ihr F\u00f6rderverein &amp; Musikverein Efringen-Kirchen<\/p>\n<hr>\n<h6 style=\"text-align: right;\">Februar 2021<\/h6>\n<h6>Generalversammlung verschoben!<\/h6>\n<p>Liebe Vereinsmitglieder,<\/p>\n<p>leider m\u00fcssen wir unsere Generalversammlung am 5.&nbsp;M\u00e4rz 2021 auf unbestimmte Zeit verschieben. Aufgrund der aktuellen Corona-Pandemie und den geltenden Restriktionen sehen wir keine M\u00f6glichkeit, eine beschlussf\u00e4hige Mitgliederversammlung im M\u00e4rz abzuhalten.<\/p>\n<p>Sobald die Bestimmungen es zulassen, werden wir die Generalversammlung mit den notwendigen Hygienema\u00dfnahmen nachholen.<\/p>\n<p>Wir bedanken uns f\u00fcr Ihr Verst\u00e4ndnis und blicken optimistisch in die Zukunft \u2013 Bleiben Sie gesund!<\/p>\n<p>Herzliche Gr\u00fc\u00dfe,<br>Ihr MVEK<\/p>\n<hr>\n<h6 style=\"text-align: right;\">November 2020<\/h6>\n<h6>Adventskonzert abgesagt!<\/h6>\n<p>Liebe Musikfreunde,<\/p>\n<p>am 16. Oktober haben wir \u00fcber die lokalen Zeitungen \u00fcber unsere geplanten Adventskonzerte berichtet und zu diesen eingeladen.<\/p>\n<p>Bedingt durch die aktuellen Kontaktbeschr\u00e4nkungen und dem damit verbundenen Proben- und Veranstaltungsverbot, m\u00fcssen wir die beiden Konzerte am 1. und 3. Advent bedauerlicherweise absagen.<\/p>\n<p>Trotz allem lassen wir uns die Freude an der Musik nicht nehmen, blicken zuversichtlich in die Zukunft und freuen uns, wenn wir wieder f\u00fcr Sie Musik machen d\u00fcrfen.<\/p>\n<p>Bleiben Sie gesund.<\/p>\n<p>Herzliche Gr\u00fc\u00dfe,<br>Ihr MVEK<\/p>\n<hr>\n<h6 style=\"text-align: right;\">November 2020<\/h6>\n<h6>Corona<\/h6>\n<p>Liebe Vereinsmitglieder,<br>liebe Freunde,<\/p>\n<p>wie alle anderen Vereine, zwingt die Corona-Pandemie uns im November zum erneuten Stillstand. Nachdem unser Herbstkonzert im September statt finden konnte, m\u00fcssen wir den Probebetrieb wieder einstellen und unsere geplanten Adventskonzerte im Dezember absagen.<\/p>\n<p>Wir w\u00fcnschen Ihnen eine gute Zeit, alles Gute und bleiben Sie gesund.<\/p>\n<p>Herzliche Gr\u00fc\u00dfe,<br>Ihr MVEK<\/p>\n<hr>\n<h6 style=\"text-align: right;\">Oktober 2020<\/h6>\n<h6>Schnupperprobe im Jugendorchester<\/h6>\n<p>Das Jugendorchester des Musikvereins Efringen-Kirchen l\u00e4dt zur Schnupperprobe am Dienstag, den 06.10.2020 um 18 Uhr im Probelokal \u201eW\u00e4schi\u201c, ein. Interessierte Kinder und Jugendliche mit und ohne Erfahrungen an einem Instrument d\u00fcrfen sich anh\u00f6ren und anschauen, wie gemeinsames Musizieren ist. Dieses Jahr, geht dies leider Corona bedingt nur \u00fcber eine Anmeldung bei der Jugendleiterin Simone Bodack per Mail <a href=\"mailto:jugendleiter@mvek.de\">jugendleiter@mvek.de<\/a> oder telefonisch unter 07628-33 15 684, hier erhalten sie weitere Informationen. Da die Vorstellung einzelner Instrumente und ein praktisches Ausprobieren nicht m\u00f6glich ist, k\u00f6nnen auf Wunsch Schnupperstunden bei unseren Instrumentallehrern organisiert werden.Wir freuen uns auf eure Anmeldung und euer Kommen<\/p>\n<p>Die Musikerinnen und Musiker des Jugendorchesters und des Musikvereins<\/p>\n<hr>\n<h6 style=\"text-align: right;\">September 2020<\/h6>\n<h6>Herbstkonzert<\/h6>\n<p>Seit ein paar Wochen haben wir wieder die M\u00f6glichkeit in kleineren Gruppen zu proben. Zudem konnten wir \u00fcber die Sommermonate im Freien unser Sommerprogramm proben und freuen uns nun endlich wieder vor Publikum spielen zu k\u00f6nnen. Deshalb m\u00f6chten wir Sie recht herzlich zu unserem Sommerkonzert am 20. September um 14:30 Uhr einladen.<\/p>\n<\/div><\/div>\n\n\n","protected":false},"excerpt":{"rendered":"<p>Besuchen Sie uns auf Instagram oder Facebook. Jahreskonzert 2026 Programm Generalversammlung 2024 Wir freuen uns \u00fcber die Neuaufnahme von Thomas Knorr, Petra Soder, Tanja Soder, Silas Keller und Irina Brkinjac.\u00a0Geehrt wurden Thomas Vollmer und Heike M\u00f6llendorf f\u00fcr 35 Jahre und<\/p>\n","protected":false},"author":1,"featured_media":0,"parent":0,"menu_order":1,"comment_status":"closed","ping_status":"closed","template":"","meta":{"footnotes":""},"class_list":["post-91","page","type-page","status-publish","hentry"],"aioseo_notices":[],"_links":{"self":[{"href":"https:\/\/mvek.de\/index.php?rest_route=\/wp\/v2\/pages\/91","targetHints":{"allow":["GET"]}}],"collection":[{"href":"https:\/\/mvek.de\/index.php?rest_route=\/wp\/v2\/pages"}],"about":[{"href":"https:\/\/mvek.de\/index.php?rest_route=\/wp\/v2\/types\/page"}],"author":[{"embeddable":true,"href":"https:\/\/mvek.de\/index.php?rest_route=\/wp\/v2\/users\/1"}],"replies":[{"embeddable":true,"href":"https:\/\/mvek.de\/index.php?rest_route=%2Fwp%2Fv2%2Fcomments&post=91"}],"version-history":[{"count":36,"href":"https:\/\/mvek.de\/index.php?rest_route=\/wp\/v2\/pages\/91\/revisions"}],"predecessor-version":[{"id":1150,"href":"https:\/\/mvek.de\/index.php?rest_route=\/wp\/v2\/pages\/91\/revisions\/1150"}],"wp:attachment":[{"href":"https:\/\/mvek.de\/index.php?rest_route=%2Fwp%2Fv2%2Fmedia&parent=91"}],"curies":[{"name":"wp","href":"https:\/\/api.w.org\/{rel}","templated":true}]}}