{"id":93,"date":"2020-03-10T10:52:08","date_gmt":"2020-03-10T10:52:08","guid":{"rendered":"http:\/\/mvek.de\/?page_id=93"},"modified":"2022-03-31T12:35:49","modified_gmt":"2022-03-31T12:35:49","slug":"forderverein","status":"publish","type":"page","link":"https:\/\/mvek.de\/?page_id=93","title":{"rendered":"F\u00f6rderverein"},"content":{"rendered":"<div id=\"outerContainer\" class=\"sidebarOpen\">\n<div id=\"mainContainer\">\n<div id=\"viewerContainer\" tabindex=\"0\">\n<div id=\"viewer\" class=\"pdfViewer\">\n<div class=\"page\" data-page-number=\"1\" data-loaded=\"true\">\n<div class=\"textLayer\">Es war 1998, als sich der Musikverein \u00fcber seine finanzielle Zukunft Gedanken gemacht hat und die Idee aufkam, einen F\u00f6rderverein ins Leben zu rufen. Der damalige Dirigent Adolf Kalkovski suchte das Gespr\u00e4ch mit Hanspeter Lenz, der nach kurzem \u00dcberlegen zustimmte und die schwierige Aufgabe \u00fcbernahm, einen neuen Verein ins Leben zu rufen. Ziel des F\u00f6rdervereins war und ist bis heute die Unterst\u00fctzung der Jugendarbeit. Hierf\u00fcr gilt es Pr\u00e4senz zu zeigen und Geld einzunehmen.<\/div>\n<\/div>\n<div><\/div>\n<div class=\"page\" data-page-number=\"1\" data-loaded=\"true\">\n<div class=\"textLayer\">Schon bald nach der Vereinsgr\u00fcndung am 08.12.1998 entstand die Idee, auf dem Rathausplatz ein Fest zu veranstalten. Ein Fest w\u00e4hrend der Urlauszeit f\u00fcr die Daheimgebliebenen, \u201ekein lautes Spektakel, sondern ein lockeres, unterhaltsames Sommerfest, bei dem man sich an den Tischen auch unterhalten kann.\u201c (Zitat Hanspeter Lenz). Die Planungen f\u00fcr eine Italienische Nacht begannen.<\/div>\n<\/div>\n<div><\/div>\n<div class=\"page\" data-page-number=\"1\" data-loaded=\"true\">\n<div class=\"textLayer\">Bereits 1999 fand die erste Italienische Nacht auf dem Rathausplatz statt. Um eine gem\u00fctliche Atmosph\u00e4re zu schaffen, verzichtete man auf Bierzeltgarnituren und stellte stattdessen Gartenm\u00f6bel von Mitgliedern und Freunden des Vereins auf. Die M\u00f6bel wurden ab dem dritten Fest von der Brauerei Rothaus ausgeliehen, seit drei Jahren geh\u00f6ren die 100 Tische und 400 St\u00fchle dem F\u00f6rderverein. Der Verein bietet eine Vermietung f\u00fcr private Festivit\u00e4ten an.<\/div>\n<\/div>\n<div><\/div>\n<div class=\"page\" data-page-number=\"1\" data-loaded=\"true\">\n<div class=\"textLayer\">Bei der Premierenveranstaltung war der Besucherandrang trotz Regens so gro\u00df, dass mehrmals das Essen ausging, Nachschub kam dankenswerterweise unkompliziert von ortsans\u00e4ssigen Betrieben. Bei der Wiederholung im Jahr 2000 schloss die Bahnhofswirtin ihr Restaurant und stellte sich und ihre Mitarbeiter als kostenlose Helfer zur Verf\u00fcgung. So konnten \u00fcber 1000 Besucher verk\u00f6stigt werden. Die dabei anfallenden Geschirrberge wurden mit Einkaufswagen zur Wohnung eines Vorstandsmitglieds gefahren und dort von zahlreichen flei\u00dfigen H\u00e4nden in allen zur Verf\u00fcgung stehenden Beh\u00e4ltnissen \u2013 einschlie\u00dflich Badewanne \u2013 gewaschen.<\/div>\n<\/div>\n<div><\/div>\n<div class=\"page\" data-page-number=\"1\" data-loaded=\"true\">\n<div class=\"textLayer\">Gerade in den ersten Jahren ist der Einsatz der Aktivmusiker aus dem Musikverein nicht hoch genug einzusch\u00e4tzen. Dank ihres unerm\u00fcdlichen Einsatzes bei Aufbau, Helferschicht, Musizieren und Abbau sowie der Hilfe befreundeter Vereine und Z\u00f6glingseltern war es \u00fcberhaupt m\u00f6glich, ein Fest in dieser Gr\u00f6\u00dfenordnung durchzuf\u00fchren. Seit 2004 gestalten ausschlie\u00dflich externe Gruppen das musikalische Rahmenprogramm.<\/div>\n<\/div>\n<div><\/div>\n<div class=\"page\" data-page-number=\"1\" data-loaded=\"true\">\n<div class=\"textLayer\">Bis 2006 fand das Sommernachtsfest j\u00e4hrlich statt, danach entschied man sich f\u00fcr einen zweij\u00e4hrigen Rhythmus, im Wechsel mit dem W\u00e4schifest des Musikvereins. Bis heute gab es italienische, spanische, brasilianische und mexikanische N\u00e4chte, die dem Ortszentrum immer wieder den Hauch einer s\u00fcdl\u00e4ndischen Plaza verleihen.<\/div>\n<\/div>\n<div><\/div>\n<div class=\"page\" data-page-number=\"1\" data-loaded=\"true\">\n<div class=\"textLayer\">\u00c4hnlich wie die Feste auf dem Rathausplatz haben sich im Laufe der Jahre auch die Aufgaben des F\u00f6rdervereins ver\u00e4ndert. Stand anfangs lediglich die Bezuschussung der Jugendarbeit auf der Agenda, \u00fcbernimmt der Verein seit 2014 die kompletten Kosten der Jugendausbildung. Seit 2017 tr\u00e4gt der Verein alle Kosten aus dem Bereich der Jugendarbeit wie bspw. Noten oder das Honorar des Jugendorchesterdirigenten. Dazu kommen bei Bedarf themenbezogene Spenden an den Musikverein wie etwa zum Kauf eines neuen Schlagzeugs.<\/div>\n<\/div>\n<div><\/div>\n<div class=\"page\" data-page-number=\"1\" data-loaded=\"true\">\n<div class=\"textLayer\">Neben den Festen auf dem Rathausplatz, die sich nach wie vor gro\u00dfer Beliebtheit erfreuen, hat der F\u00f6rderverein auch neue Formate ausprobiert und versucht, vergangene erfolgreiche Veranstaltungen wieder auferstehen zu lassen. So fanden bspw. in Anlehnung an die fr\u00fchere Tanzveranstaltung \u201eHerbstball\u201c drei Dance Nights mit den Bands Enjoy und House of Music in der Festhalle M\u00e4rkt statt.<\/div>\n<\/div>\n<div><\/div>\n<div class=\"page\" data-page-number=\"1\" data-loaded=\"true\">\n<div class=\"textLayer\">Feste Termine im Jahreslauf sind das Platzkonzert des Jugendorchesters, ein Stand am Weihnachtsmarkt, ein Tag am Grillstand des Hornbach sowie alle zwei Jahre das l\u00e4nderbezogene Sommernachtsfest auf dem Rathausplatz. Mit diesen Aktivit\u00e4ten sowie den Beitr\u00e4gen seiner Mitglieder generiert der Verein die n\u00f6tigen Gelder zur Finanzierung der Jugendarbeit.<\/div>\n<\/div>\n<div><\/div>\n<div class=\"page\" data-page-number=\"1\" data-loaded=\"true\">\n<div class=\"textLayer\">Durch seine Arbeit unterst\u00fctzt der F\u00f6rderverein derzeit etwa 50 Jugendliche aus Efringen-Kirchen und Umgebung beim Erlernen eines Instruments und Sammeln erster Orchestererfahrungen. Damit tr\u00e4gt er zum Erhalt eines aktiven Vereinslebens in der Gemeinde bei.<\/div>\n<\/div>\n<div><\/div>\n<div class=\"page\" data-page-number=\"1\" data-loaded=\"true\">\n<div class=\"textLayer\">Bislang haben sechs Pr\u00e4sidenten die Geschicke des Vereins geleitet. Zu Beginn waren keine Aktivmusiker in der vierk\u00f6pfigen Vorstandschaft, aktuell besteht sie aus zwei Aktiven und zwei dem Musikverein verbundenen Personen.<\/div>\n<\/div>\n<div><\/div>\n<div class=\"page\" data-page-number=\"1\" data-loaded=\"true\">\n<div class=\"textLayer\">Wenn auch Sie unsere Arbeit unterst\u00fctzen m\u00f6chten, wenden Sie sich bitte an die Pr\u00e4sidentin: Lucia Kaufmann, Telefon 07628\/9503627, <a href=\"mailto:praesident_foerderverein@mvek.de\">praesident_foerderverein@mvek.de<\/a><\/div>\n<hr \/>\n<h5>Vorstandschaft F\u00f6rderverein<\/h5>\n<table style=\"width: 458px;\">\n<tbody>\n<tr>\n<td style=\"width: 131.337px;\">1. Pr\u00e4sidentin<\/td>\n<td style=\"width: 319.862px;\">Lucia Kaufmann<br \/>\n<a href=\"mailto:praesident_foerderverein@mvek.de\">praesident_foerderverein@mvek.de<\/a><br \/>\n07628\/9503627<\/td>\n<\/tr>\n<tr>\n<td style=\"width: 131.337px;\">2. Pr\u00e4sident<\/td>\n<td style=\"width: 319.862px;\">Michael Oelke<\/td>\n<\/tr>\n<tr>\n<td style=\"width: 131.337px;\">Kassierer<\/td>\n<td style=\"width: 319.862px;\">Annika D\u00f6rpfeld<\/td>\n<\/tr>\n<tr>\n<td style=\"width: 131.337px;\">Schriftf\u00fchrer<\/td>\n<td style=\"width: 319.862px;\">Simone Wagner<\/td>\n<\/tr>\n<\/tbody>\n<\/table>\n<\/div>\n<\/div>\n<\/div>\n<\/div>\n<\/div>\n","protected":false},"excerpt":{"rendered":"<p>Es war 1998, als sich der Musikverein \u00fcber seine finanzielle Zukunft Gedanken gemacht hat und die Idee aufkam, einen F\u00f6rderverein ins Leben zu rufen. Der damalige Dirigent Adolf Kalkovski suchte das Gespr\u00e4ch mit Hanspeter Lenz, der nach kurzem \u00dcberlegen zustimmte<\/p>\n","protected":false},"author":1,"featured_media":0,"parent":0,"menu_order":9,"comment_status":"closed","ping_status":"closed","template":"","meta":{"footnotes":""},"class_list":["post-93","page","type-page","status-publish","hentry"],"aioseo_notices":[],"_links":{"self":[{"href":"https:\/\/mvek.de\/index.php?rest_route=\/wp\/v2\/pages\/93","targetHints":{"allow":["GET"]}}],"collection":[{"href":"https:\/\/mvek.de\/index.php?rest_route=\/wp\/v2\/pages"}],"about":[{"href":"https:\/\/mvek.de\/index.php?rest_route=\/wp\/v2\/types\/page"}],"author":[{"embeddable":true,"href":"https:\/\/mvek.de\/index.php?rest_route=\/wp\/v2\/users\/1"}],"replies":[{"embeddable":true,"href":"https:\/\/mvek.de\/index.php?rest_route=%2Fwp%2Fv2%2Fcomments&post=93"}],"version-history":[{"count":6,"href":"https:\/\/mvek.de\/index.php?rest_route=\/wp\/v2\/pages\/93\/revisions"}],"predecessor-version":[{"id":767,"href":"https:\/\/mvek.de\/index.php?rest_route=\/wp\/v2\/pages\/93\/revisions\/767"}],"wp:attachment":[{"href":"https:\/\/mvek.de\/index.php?rest_route=%2Fwp%2Fv2%2Fmedia&parent=93"}],"curies":[{"name":"wp","href":"https:\/\/api.w.org\/{rel}","templated":true}]}}